{"id":814,"date":"2022-12-08T07:35:53","date_gmt":"2022-12-08T07:35:53","guid":{"rendered":"https:\/\/shtheme.com\/demosd\/edumart\/?page_id=282"},"modified":"2025-07-12T23:15:02","modified_gmt":"2025-07-12T22:15:02","slug":"apropos-centre-de-formation-agadir","status":"publish","type":"page","link":"https:\/\/institutbigacademy.com\/website\/apropos-centre-de-formation-agadir\/","title":{"rendered":"Apropos &#8211; centre de formation agadir"},"content":{"rendered":"\t\t<div data-elementor-type=\"wp-page\" data-elementor-id=\"814\" class=\"elementor elementor-814\" data-elementor-post-type=\"page\">\n\t\t\t\t\t\t<section class=\"elementor-section elementor-top-section elementor-element elementor-element-d871f36 elementor-section-height-min-height elementor-section-boxed elementor-section-height-default elementor-section-items-middle\" data-id=\"d871f36\" data-element_type=\"section\" data-e-type=\"section\" data-settings=\"{&quot;background_background&quot;:&quot;classic&quot;}\">\n\t\t\t\t\t\t\t<div class=\"elementor-background-overlay\"><\/div>\n\t\t\t\t\t\t\t<div class=\"elementor-container elementor-column-gap-default\">\n\t\t\t\t\t<div class=\"elementor-column elementor-col-100 elementor-top-column elementor-element elementor-element-6b6b026\" data-id=\"6b6b026\" data-element_type=\"column\" data-e-type=\"column\">\n\t\t\t<div class=\"elementor-widget-wrap elementor-element-populated\">\n\t\t\t\t\t\t<div class=\"elementor-element elementor-element-1e5ebdb elementor-widget elementor-widget-heading\" data-id=\"1e5ebdb\" data-element_type=\"widget\" data-e-type=\"widget\" data-widget_type=\"heading.default\">\n\t\t\t\t<div class=\"elementor-widget-container\">\n\t\t\t\t\t<h2 class=\"elementor-heading-title elementor-size-default\">qui sommes-nous?<\/h2>\t\t\t\t<\/div>\n\t\t\t\t<\/div>\n\t\t\t\t\t<\/div>\n\t\t<\/div>\n\t\t\t\t\t<\/div>\n\t\t<\/section>\n\t\t\t\t<section class=\"elementor-section elementor-top-section elementor-element elementor-element-f90cdd4 elementor-section-boxed elementor-section-height-default elementor-section-height-default\" data-id=\"f90cdd4\" data-element_type=\"section\" data-e-type=\"section\">\n\t\t\t\t\t\t<div class=\"elementor-container elementor-column-gap-default\">\n\t\t\t\t\t<div class=\"elementor-column elementor-col-100 elementor-top-column elementor-element elementor-element-3b8b98a\" data-id=\"3b8b98a\" data-element_type=\"column\" data-e-type=\"column\">\n\t\t\t<div class=\"elementor-widget-wrap elementor-element-populated\">\n\t\t\t\t\t\t<div class=\"elementor-element elementor-element-5162dd2 elementor-widget elementor-widget-spacer\" data-id=\"5162dd2\" data-element_type=\"widget\" data-e-type=\"widget\" data-widget_type=\"spacer.default\">\n\t\t\t\t<div class=\"elementor-widget-container\">\n\t\t\t\t\t\t\t<div class=\"elementor-spacer\">\n\t\t\t<div class=\"elementor-spacer-inner\"><\/div>\n\t\t<\/div>\n\t\t\t\t\t\t<\/div>\n\t\t\t\t<\/div>\n\t\t\t\t\t<\/div>\n\t\t<\/div>\n\t\t\t\t\t<\/div>\n\t\t<\/section>\n\t\t\t\t<section class=\"elementor-section elementor-top-section elementor-element elementor-element-03871c8 elementor-section-boxed elementor-section-height-default elementor-section-height-default\" data-id=\"03871c8\" data-element_type=\"section\" data-e-type=\"section\">\n\t\t\t\t\t\t<div class=\"elementor-container elementor-column-gap-default\">\n\t\t\t\t\t<div class=\"elementor-column elementor-col-50 elementor-top-column elementor-element elementor-element-7232264\" data-id=\"7232264\" data-element_type=\"column\" data-e-type=\"column\">\n\t\t\t<div class=\"elementor-widget-wrap elementor-element-populated\">\n\t\t\t\t\t\t<div class=\"elementor-element elementor-element-fb1d4c3 elementor-widget elementor-widget-heading\" data-id=\"fb1d4c3\" data-element_type=\"widget\" data-e-type=\"widget\" data-widget_type=\"heading.default\">\n\t\t\t\t<div class=\"elementor-widget-container\">\n\t\t\t\t\t<h2 class=\"elementor-heading-title elementor-size-default\">a propos<\/h2>\t\t\t\t<\/div>\n\t\t\t\t<\/div>\n\t\t\t\t<div class=\"elementor-element elementor-element-68707d6 elementor-widget elementor-widget-text-editor\" data-id=\"68707d6\" data-element_type=\"widget\" data-e-type=\"widget\" data-widget_type=\"text-editor.default\">\n\t\t\t\t<div class=\"elementor-widget-container\">\n\t\t\t\t\t\t\t\t\t<p>Big Academy Est Un Institut et Centre de Formation Priv\u00e9 Pour Les Formations Professionnelles destin\u00e9 aux \u00e9tudiants, salari\u00e9s et cadres d\u2019entreprises de type (pme, startups et grandes structures).<\/p>\n<p>Nous Vous proposons des formations et des solutions adapt\u00e9es \u00e0 vous besoin, formation professionnelle et continue pour les particuliers et les entreprises en individuel ou en groupe.<\/p>\n<p>Plus qu\u2019un simple institut de formation, Big Academy a pour objectif de motiver ses \u00e9tudiants aux m\u00e9tiers auxquels ils se destinent. Il favorise l\u2019entrepreneuriat, la cr\u00e9ativit\u00e9 et <span id=\"span10\" class=\"\">l\u2019initiative<\/span>.&nbsp;Gr\u00e2ce&nbsp;\u00e0 des activit\u00e9s p\u00e9dagogiques diverses telles que les visites d\u2019entreprises et d\u2019\u00e9tablissements professionnels, des concours intra \u00e9cole ou entre \u00e9coles, des voyages culturels ; les \u00e9tudiants ouvrent leur esprit sur les diverses opportunit\u00e9s offertes par le march\u00e9 du travail.<\/p>\t\t\t\t\t\t\t\t<\/div>\n\t\t\t\t<\/div>\n\t\t\t\t\t<\/div>\n\t\t<\/div>\n\t\t\t\t<div class=\"elementor-column elementor-col-50 elementor-top-column elementor-element elementor-element-aff0cdb\" data-id=\"aff0cdb\" data-element_type=\"column\" data-e-type=\"column\">\n\t\t\t<div class=\"elementor-widget-wrap elementor-element-populated\">\n\t\t\t\t\t\t<div class=\"elementor-element elementor-element-9224305 elementor-widget elementor-widget-video\" data-id=\"9224305\" data-element_type=\"widget\" data-e-type=\"widget\" data-settings=\"{&quot;youtube_url&quot;:&quot;https:\\\/\\\/youtu.be\\\/y6GEyK9jJsw&quot;,&quot;video_type&quot;:&quot;youtube&quot;,&quot;controls&quot;:&quot;yes&quot;}\" data-widget_type=\"video.default\">\n\t\t\t\t<div class=\"elementor-widget-container\">\n\t\t\t\t\t\t\t<div class=\"elementor-wrapper elementor-open-inline\">\n\t\t\t<div class=\"elementor-video\"><\/div>\t\t<\/div>\n\t\t\t\t\t\t<\/div>\n\t\t\t\t<\/div>\n\t\t\t\t<div class=\"elementor-element elementor-element-a67c69e elementor-align-center elementor-widget elementor-widget-button\" data-id=\"a67c69e\" data-element_type=\"widget\" data-e-type=\"widget\" data-widget_type=\"button.default\">\n\t\t\t\t<div class=\"elementor-widget-container\">\n\t\t\t\t\t\t\t\t\t<div class=\"elementor-button-wrapper\">\n\t\t\t\t\t<a class=\"elementor-button elementor-button-link elementor-size-sm\" href=\"https:\/\/www.youtube.com\/@bigacademy1282\" target=\"_blank\" rel=\"noopener\">\n\t\t\t\t\t\t<span class=\"elementor-button-content-wrapper\">\n\t\t\t\t\t\t<span class=\"elementor-button-icon\">\n\t\t\t\t<i aria-hidden=\"true\" class=\"fab fa-youtube\"><\/i>\t\t\t<\/span>\n\t\t\t\t\t\t\t\t\t<span class=\"elementor-button-text\">s'abonner \u00e0 notre chaine youtube<\/span>\n\t\t\t\t\t<\/span>\n\t\t\t\t\t<\/a>\n\t\t\t\t<\/div>\n\t\t\t\t\t\t\t\t<\/div>\n\t\t\t\t<\/div>\n\t\t\t\t\t<\/div>\n\t\t<\/div>\n\t\t\t\t\t<\/div>\n\t\t<\/section>\n\t\t\t\t<section class=\"elementor-section elementor-top-section elementor-element elementor-element-f06bcbf elementor-section-boxed elementor-section-height-default elementor-section-height-default\" data-id=\"f06bcbf\" data-element_type=\"section\" data-e-type=\"section\">\n\t\t\t\t\t\t<div class=\"elementor-container elementor-column-gap-default\">\n\t\t\t\t\t<div class=\"elementor-column elementor-col-50 elementor-top-column elementor-element elementor-element-fde785f\" data-id=\"fde785f\" data-element_type=\"column\" data-e-type=\"column\">\n\t\t\t<div class=\"elementor-widget-wrap elementor-element-populated\">\n\t\t\t\t\t\t<div class=\"elementor-element elementor-element-6bc98bc elementor-widget elementor-widget-heading\" data-id=\"6bc98bc\" data-element_type=\"widget\" data-e-type=\"widget\" data-widget_type=\"heading.default\">\n\t\t\t\t<div class=\"elementor-widget-container\">\n\t\t\t\t\t<h2 class=\"elementor-heading-title elementor-size-default\">Mot du Directeur<\/h2>\t\t\t\t<\/div>\n\t\t\t\t<\/div>\n\t\t\t\t<div class=\"elementor-element elementor-element-136e3f4 elementor-widget elementor-widget-text-editor\" data-id=\"136e3f4\" data-element_type=\"widget\" data-e-type=\"widget\" data-widget_type=\"text-editor.default\">\n\t\t\t\t<div class=\"elementor-widget-container\">\n\t\t\t\t\t\t\t\t\t<p>Qu\u2019attendent-nous de la vie ? La REUSSITE. R\u00e9ussir sa vie\u00a0<span id=\"span10\" class=\"\">c\u2019est<\/span>\u00a0r\u00e9ussir\u00a0sa vie sociale et professionnelle.<br \/><span id=\"span30\" class=\"span30 correctionCordial\"><\/span>Notre exp\u00e9rience et la r\u00e9ussite professionnelle de nos \u00e9tudiants et laur\u00e9ats\u00a0sont\u00a0le gage de la bonne qualit\u00e9 de\u00a0formation\u00a0que nous assurons.<\/p><p>L\u2019aventure de Big academy se poursuit depuis maintenant plus de 4 ans et c\u2019est toujours un plaisir de venir tous les jours travailler avec une \u00e9quipe fid\u00e8le qui a pour but ultime :<\/p><p>Accompagner l\u2019\u00e9tudiant\u00a0en essayant de comprendre ses attentes et ses\u00a0r\u00eaves\u00a0et l\u2019aider\u00a0\u00e0\u00a0les\u00a0r\u00e9aliser, et cela\u00a0dans une ambiance conviviale\u00a0.<\/p><p>Finalement notre mission n\u2019est pas seulement de former des\u00a0\u00e9tudiants\u00a0mais aussi de les orienter et de les accompagner dans leurs\u00a0qu\u00eates\u00a0d\u2019eux\u00a0m\u00eame, mais surtout de les\u00a0pr\u00e9parer\u00a0\u00e0\u00a0mener et entreprendre par eux\u00a0m\u00eame.<\/p>\t\t\t\t\t\t\t\t<\/div>\n\t\t\t\t<\/div>\n\t\t\t\t\t<\/div>\n\t\t<\/div>\n\t\t\t\t<div class=\"elementor-column elementor-col-50 elementor-top-column elementor-element elementor-element-bf49fd6\" data-id=\"bf49fd6\" data-element_type=\"column\" data-e-type=\"column\">\n\t\t\t<div class=\"elementor-widget-wrap elementor-element-populated\">\n\t\t\t\t\t\t<div class=\"elementor-element elementor-element-ecf0453 elementor-widget elementor-widget-heading\" data-id=\"ecf0453\" data-element_type=\"widget\" data-e-type=\"widget\" data-widget_type=\"heading.default\">\n\t\t\t\t<div class=\"elementor-widget-container\">\n\t\t\t\t\t<h2 class=\"elementor-heading-title elementor-size-default\">Objectifs de la Formation<\/h2>\t\t\t\t<\/div>\n\t\t\t\t<\/div>\n\t\t\t\t<div class=\"elementor-element elementor-element-b7dbf38 elementor-widget elementor-widget-text-editor\" data-id=\"b7dbf38\" data-element_type=\"widget\" data-e-type=\"widget\" data-widget_type=\"text-editor.default\">\n\t\t\t\t<div class=\"elementor-widget-container\">\n\t\t\t\t\t\t\t\t\t<p>Acqu\u00e9rir un\u00a0savoir-faire\u00a0et un\u00a0savoir-\u00eatre\u00a0n\u00e9cessaires \u00e0 la r\u00e9ussite professionnelle des \u00e9tudiants.<\/p><p>Une ouverture dynamique sur le monde du travail.<\/p><p>L\u2019\u00e9panouissement et le d\u00e9veloppement de la personnalit\u00e9 de chaque \u00e9tudiant gr\u00e2ce \u00e0 des mises en situation r\u00e9elles.<\/p><p><strong>Pour plus de\u00a0renseignements,\u00a0veuillez contacter notre conseiller p\u00e9dagogique<\/strong><\/p><p>\u00a0<\/p><h4 class=\"titre-2\">Conseiller P\u00e9dagogique<\/h4><p>\u00a0<\/p><ul><li>Big Academy : Rue El Maader N\u00b019 &#8211; Hay Essalam Agadir<\/li><li>T\u00e9l : 08 08 55 94 33<\/li><li>Mobile: 06 76 28 05 06 \/ 06 06 16 16 63\u00a0<\/li><li>E-mail :\u00a0<span class=\"s1\"><span id=\"cloak7b4fdb379ed64769b0d08191995e1643\">contact@institutbigacademy.com<\/span><\/span><\/li><\/ul>\t\t\t\t\t\t\t\t<\/div>\n\t\t\t\t<\/div>\n\t\t\t\t\t<\/div>\n\t\t<\/div>\n\t\t\t\t\t<\/div>\n\t\t<\/section>\n\t\t\t\t<section class=\"elementor-section elementor-top-section elementor-element elementor-element-16f7414 elementor-section-boxed elementor-section-height-default elementor-section-height-default\" data-id=\"16f7414\" data-element_type=\"section\" data-e-type=\"section\">\n\t\t\t\t\t\t<div class=\"elementor-container elementor-column-gap-default\">\n\t\t\t\t\t<div class=\"elementor-column elementor-col-100 elementor-top-column elementor-element elementor-element-ce29d30\" data-id=\"ce29d30\" data-element_type=\"column\" data-e-type=\"column\">\n\t\t\t<div class=\"elementor-widget-wrap elementor-element-populated\">\n\t\t\t\t\t\t<div class=\"elementor-element elementor-element-44e7273 elementor-widget elementor-widget-spacer\" data-id=\"44e7273\" data-element_type=\"widget\" data-e-type=\"widget\" data-widget_type=\"spacer.default\">\n\t\t\t\t<div class=\"elementor-widget-container\">\n\t\t\t\t\t\t\t<div class=\"elementor-spacer\">\n\t\t\t<div class=\"elementor-spacer-inner\"><\/div>\n\t\t<\/div>\n\t\t\t\t\t\t<\/div>\n\t\t\t\t<\/div>\n\t\t\t\t\t<\/div>\n\t\t<\/div>\n\t\t\t\t\t<\/div>\n\t\t<\/section>\n\t\t\t\t<\/div>\n\t\t","protected":false},"excerpt":{"rendered":"<p>qui sommes-nous? a propos Big Academy Est Un Institut et Centre de Formation Priv\u00e9 Pour Les Formations Professionnelles destin\u00e9 aux \u00e9tudiants, salari\u00e9s et cadres d\u2019entreprises de type (pme, startups et grandes structures). Nous Vous proposons des formations et des solutions adapt\u00e9es \u00e0 vous besoin, formation professionnelle et continue pour les particuliers et les entreprises en [&hellip;]<\/p>\n","protected":false},"author":1,"featured_media":0,"parent":0,"menu_order":0,"comment_status":"closed","ping_status":"closed","template":"elementor_header_footer","meta":{"ngg_post_thumbnail":0,"footnotes":""},"class_list":["post-814","page","type-page","status-publish","hentry"],"_hostinger_reach_plugin_has_subscription_block":false,"_hostinger_reach_plugin_is_elementor":false,"_links":{"self":[{"href":"https:\/\/institutbigacademy.com\/website\/wp-json\/wp\/v2\/pages\/814","targetHints":{"allow":["GET"]}}],"collection":[{"href":"https:\/\/institutbigacademy.com\/website\/wp-json\/wp\/v2\/pages"}],"about":[{"href":"https:\/\/institutbigacademy.com\/website\/wp-json\/wp\/v2\/types\/page"}],"author":[{"embeddable":true,"href":"https:\/\/institutbigacademy.com\/website\/wp-json\/wp\/v2\/users\/1"}],"replies":[{"embeddable":true,"href":"https:\/\/institutbigacademy.com\/website\/wp-json\/wp\/v2\/comments?post=814"}],"version-history":[{"count":60,"href":"https:\/\/institutbigacademy.com\/website\/wp-json\/wp\/v2\/pages\/814\/revisions"}],"predecessor-version":[{"id":4362,"href":"https:\/\/institutbigacademy.com\/website\/wp-json\/wp\/v2\/pages\/814\/revisions\/4362"}],"wp:attachment":[{"href":"https:\/\/institutbigacademy.com\/website\/wp-json\/wp\/v2\/media?parent=814"}],"curies":[{"name":"wp","href":"https:\/\/api.w.org\/{rel}","templated":true}]}}